{"id":9,"date":"2015-02-03T20:14:31","date_gmt":"2015-02-03T19:14:31","guid":{"rendered":"http:\/\/avada.theme-fusion.com_demos\/hotel\/?page_id=9"},"modified":"2021-02-02T17:08:31","modified_gmt":"2021-02-02T16:08:31","slug":"activities","status":"publish","type":"page","link":"https:\/\/meerestochter-kappeln.de\/index.php\/activities\/","title":{"rendered":"\u00dcber uns"},"content":{"rendered":"<div class=\"fusion-fullwidth fullwidth-box fusion-builder-row-1 nonhundred-percent-fullwidth non-hundred-percent-height-scrolling\" style=\"background-color: #192033;background-position: center center;background-repeat: no-repeat;padding-top:20px;padding-right:0px;padding-bottom:20px;padding-left:0px;margin-bottom: 0px;margin-top: 0px;border-width: 0px 0px 0px 0px;border-color:#26314d;border-style:solid;\" ><div class=\"fusion-builder-row fusion-row\"><div class=\"fusion-layout-column fusion_builder_column fusion-builder-column-0 fusion_builder_column_1_3 1_3 fusion-one-third fusion-column-first\" style=\"width:33.3333333333%;width:calc(33.3333333333% - ( ( 4% + 4% ) * 0.333333333333 ) );margin-right: 4%;margin-top:0px;margin-bottom:20px;\"><div class=\"fusion-column-wrapper fusion-flex-column-wrapper-legacy\" style=\"background-position:left top;background-repeat:no-repeat;-webkit-background-size:cover;-moz-background-size:cover;-o-background-size:cover;background-size:cover;padding: 0px 0px 0px 0px;\"><div class=\"fusion-column-content-centered\"><div class=\"fusion-column-content\"><div class=\"fusion-text fusion-text-1\"><p style=\"text-align: left;\">Gemeinsam mit unserem kreativen und engagierten Team haben wir uns ganz Ihrer Entspannung verschrieben: Mit \u00fcber 30-j\u00e4hriger Erfahrung in der Gastronomie und einer klaren Vorstellung von hochwertiger, aber ehrlicher K\u00fcche,<\/p>\n<\/div><\/div><\/div><div class=\"fusion-clearfix\"><\/div><\/div><\/div><div class=\"fusion-layout-column fusion_builder_column fusion-builder-column-1 fusion_builder_column_1_3 1_3 fusion-one-third\" style=\"width:33.3333333333%;width:calc(33.3333333333% - ( ( 4% + 4% ) * 0.333333333333 ) );margin-right: 4%;margin-top:0px;margin-bottom:20px;\"><div class=\"fusion-column-wrapper fusion-flex-column-wrapper-legacy\" style=\"background-position:left top;background-repeat:no-repeat;-webkit-background-size:cover;-moz-background-size:cover;-o-background-size:cover;background-size:cover;padding: 0px 0px 0px 0px;\"><div class=\"fusion-column-content-centered\"><div class=\"fusion-column-content\"><span class=\" fusion-imageframe imageframe-none imageframe-1 hover-type-zoomin\" style=\"border:10px solid #ffffff;\"><img decoding=\"async\" width=\"1024\" height=\"683\" title=\"115A0180\" src=\"https:\/\/meerestochter-kappeln.de\/wp-content\/uploads\/2017\/08\/115A0180-1024x683.jpg\" alt class=\"img-responsive wp-image-2128\" srcset=\"https:\/\/meerestochter-kappeln.de\/wp-content\/uploads\/2017\/08\/115A0180-200x133.jpg 200w, https:\/\/meerestochter-kappeln.de\/wp-content\/uploads\/2017\/08\/115A0180-400x267.jpg 400w, https:\/\/meerestochter-kappeln.de\/wp-content\/uploads\/2017\/08\/115A0180-600x400.jpg 600w, https:\/\/meerestochter-kappeln.de\/wp-content\/uploads\/2017\/08\/115A0180-800x533.jpg 800w, https:\/\/meerestochter-kappeln.de\/wp-content\/uploads\/2017\/08\/115A0180-1200x800.jpg 1200w, https:\/\/meerestochter-kappeln.de\/wp-content\/uploads\/2017\/08\/115A0180.jpg 1620w\" sizes=\"(max-width: 1105px) 100vw, 400px\" \/><\/span><\/div><\/div><div class=\"fusion-clearfix\"><\/div><\/div><\/div><div class=\"fusion-layout-column fusion_builder_column fusion-builder-column-2 fusion_builder_column_1_3 1_3 fusion-one-third fusion-column-last\" style=\"width:33.3333333333%;width:calc(33.3333333333% - ( ( 4% + 4% ) * 0.333333333333 ) );margin-top:0px;margin-bottom:20px;\"><div class=\"fusion-column-wrapper fusion-flex-column-wrapper-legacy\" style=\"background-position:left top;background-repeat:no-repeat;-webkit-background-size:cover;-moz-background-size:cover;-o-background-size:cover;background-size:cover;padding: 0px 0px 0px 0px;\"><div class=\"fusion-column-content-centered\"><div class=\"fusion-column-content\"><div class=\"fusion-text fusion-text-2\"><p style=\"text-align: left;\">ungezwungenem und herzlichem Service, geleitet von unserem Sohn Daniel und Apartments voller nordischer Gem\u00fctlichkeit sind wir sicher, dass Sie eine unvergessliche Zeit in der sch\u00f6nsten Hafenstadt an der Schlei haben werden.<\/p>\n<\/div><\/div><\/div><div class=\"fusion-clearfix\"><\/div><\/div><\/div><\/div><\/div>\n","protected":false},"excerpt":{"rendered":"","protected":false},"author":1,"featured_media":0,"parent":0,"menu_order":0,"comment_status":"open","ping_status":"closed","template":"100-width.php","meta":{"inline_featured_image":false,"footnotes":""},"class_list":["post-9","page","type-page","status-publish","hentry"],"yoast_head":"<!-- This site is optimized with the Yoast SEO plugin v27.5 - https:\/\/yoast.com\/product\/yoast-seo-wordpress\/ -->\n<title>\u00dcber uns - Meerestochter - Apartments, Caf\u00e9 &amp; Restaurant in Kappeln<\/title>\n<meta name=\"robots\" content=\"index, follow, max-snippet:-1, max-image-preview:large, max-video-preview:-1\" \/>\n<link rel=\"canonical\" href=\"https:\/\/meerestochter-kappeln.de\/index.php\/activities\/\" \/>\n<meta property=\"og:locale\" content=\"de_DE\" \/>\n<meta property=\"og:type\" content=\"article\" \/>\n<meta property=\"og:title\" content=\"\u00dcber uns - Meerestochter - Apartments, Caf\u00e9 &amp; Restaurant in Kappeln\" \/>\n<meta property=\"og:url\" content=\"https:\/\/meerestochter-kappeln.de\/index.php\/activities\/\" \/>\n<meta property=\"og:site_name\" content=\"Meerestochter - Apartments, Caf\u00e9 &amp; Restaurant in Kappeln\" \/>\n<meta property=\"article:publisher\" content=\"https:\/\/www.facebook.com\/Meerestochter-686892418145550\/\" \/>\n<meta property=\"article:modified_time\" content=\"2021-02-02T16:08:31+00:00\" \/>\n<meta name=\"twitter:card\" content=\"summary_large_image\" \/>\n<meta name=\"twitter:label1\" content=\"Gesch\u00e4tzte Lesezeit\" \/>\n\t<meta name=\"twitter:data1\" content=\"2\u00a0Minuten\" \/>\n<script type=\"application\/ld+json\" class=\"yoast-schema-graph\">{\"@context\":\"https:\\\/\\\/schema.org\",\"@graph\":[{\"@type\":\"WebPage\",\"@id\":\"https:\\\/\\\/meerestochter-kappeln.de\\\/index.php\\\/activities\\\/\",\"url\":\"https:\\\/\\\/meerestochter-kappeln.de\\\/index.php\\\/activities\\\/\",\"name\":\"\u00dcber uns - Meerestochter - Apartments, Caf\u00e9 &amp; Restaurant in Kappeln\",\"isPartOf\":{\"@id\":\"https:\\\/\\\/meerestochter-kappeln.de\\\/#website\"},\"datePublished\":\"2015-02-03T19:14:31+00:00\",\"dateModified\":\"2021-02-02T16:08:31+00:00\",\"breadcrumb\":{\"@id\":\"https:\\\/\\\/meerestochter-kappeln.de\\\/index.php\\\/activities\\\/#breadcrumb\"},\"inLanguage\":\"de\",\"potentialAction\":[{\"@type\":\"ReadAction\",\"target\":[\"https:\\\/\\\/meerestochter-kappeln.de\\\/index.php\\\/activities\\\/\"]}]},{\"@type\":\"BreadcrumbList\",\"@id\":\"https:\\\/\\\/meerestochter-kappeln.de\\\/index.php\\\/activities\\\/#breadcrumb\",\"itemListElement\":[{\"@type\":\"ListItem\",\"position\":1,\"name\":\"Startseite\",\"item\":\"https:\\\/\\\/meerestochter-kappeln.de\\\/\"},{\"@type\":\"ListItem\",\"position\":2,\"name\":\"\u00dcber uns\"}]},{\"@type\":\"WebSite\",\"@id\":\"https:\\\/\\\/meerestochter-kappeln.de\\\/#website\",\"url\":\"https:\\\/\\\/meerestochter-kappeln.de\\\/\",\"name\":\"Meerestochter - Apartments, Caf\u00e9 &amp; Restaurant in Kappeln\",\"description\":\"Apartments, Caf\u00e9 &amp; Restaurant\",\"publisher\":{\"@id\":\"https:\\\/\\\/meerestochter-kappeln.de\\\/#organization\"},\"potentialAction\":[{\"@type\":\"SearchAction\",\"target\":{\"@type\":\"EntryPoint\",\"urlTemplate\":\"https:\\\/\\\/meerestochter-kappeln.de\\\/?s={search_term_string}\"},\"query-input\":{\"@type\":\"PropertyValueSpecification\",\"valueRequired\":true,\"valueName\":\"search_term_string\"}}],\"inLanguage\":\"de\"},{\"@type\":\"Organization\",\"@id\":\"https:\\\/\\\/meerestochter-kappeln.de\\\/#organization\",\"name\":\"Meerestochter\",\"url\":\"https:\\\/\\\/meerestochter-kappeln.de\\\/\",\"logo\":{\"@type\":\"ImageObject\",\"inLanguage\":\"de\",\"@id\":\"https:\\\/\\\/meerestochter-kappeln.de\\\/#\\\/schema\\\/logo\\\/image\\\/\",\"url\":\"https:\\\/\\\/meerestochter-kappeln.de\\\/wp-content\\\/uploads\\\/2017\\\/08\\\/meerestochter_logo.jpg\",\"contentUrl\":\"https:\\\/\\\/meerestochter-kappeln.de\\\/wp-content\\\/uploads\\\/2017\\\/08\\\/meerestochter_logo.jpg\",\"width\":180,\"height\":75,\"caption\":\"Meerestochter\"},\"image\":{\"@id\":\"https:\\\/\\\/meerestochter-kappeln.de\\\/#\\\/schema\\\/logo\\\/image\\\/\"},\"sameAs\":[\"https:\\\/\\\/www.facebook.com\\\/Meerestochter-686892418145550\\\/\"]}]}<\/script>\n<!-- \/ Yoast SEO plugin. -->","yoast_head_json":{"title":"\u00dcber uns - Meerestochter - Apartments, Caf\u00e9 &amp; Restaurant in Kappeln","robots":{"index":"index","follow":"follow","max-snippet":"max-snippet:-1","max-image-preview":"max-image-preview:large","max-video-preview":"max-video-preview:-1"},"canonical":"https:\/\/meerestochter-kappeln.de\/index.php\/activities\/","og_locale":"de_DE","og_type":"article","og_title":"\u00dcber uns - Meerestochter - Apartments, Caf\u00e9 &amp; Restaurant in Kappeln","og_url":"https:\/\/meerestochter-kappeln.de\/index.php\/activities\/","og_site_name":"Meerestochter - Apartments, Caf\u00e9 &amp; Restaurant in Kappeln","article_publisher":"https:\/\/www.facebook.com\/Meerestochter-686892418145550\/","article_modified_time":"2021-02-02T16:08:31+00:00","twitter_card":"summary_large_image","twitter_misc":{"Gesch\u00e4tzte Lesezeit":"2\u00a0Minuten"},"schema":{"@context":"https:\/\/schema.org","@graph":[{"@type":"WebPage","@id":"https:\/\/meerestochter-kappeln.de\/index.php\/activities\/","url":"https:\/\/meerestochter-kappeln.de\/index.php\/activities\/","name":"\u00dcber uns - Meerestochter - Apartments, Caf\u00e9 &amp; Restaurant in Kappeln","isPartOf":{"@id":"https:\/\/meerestochter-kappeln.de\/#website"},"datePublished":"2015-02-03T19:14:31+00:00","dateModified":"2021-02-02T16:08:31+00:00","breadcrumb":{"@id":"https:\/\/meerestochter-kappeln.de\/index.php\/activities\/#breadcrumb"},"inLanguage":"de","potentialAction":[{"@type":"ReadAction","target":["https:\/\/meerestochter-kappeln.de\/index.php\/activities\/"]}]},{"@type":"BreadcrumbList","@id":"https:\/\/meerestochter-kappeln.de\/index.php\/activities\/#breadcrumb","itemListElement":[{"@type":"ListItem","position":1,"name":"Startseite","item":"https:\/\/meerestochter-kappeln.de\/"},{"@type":"ListItem","position":2,"name":"\u00dcber uns"}]},{"@type":"WebSite","@id":"https:\/\/meerestochter-kappeln.de\/#website","url":"https:\/\/meerestochter-kappeln.de\/","name":"Meerestochter - Apartments, Caf\u00e9 &amp; Restaurant in Kappeln","description":"Apartments, Caf\u00e9 &amp; Restaurant","publisher":{"@id":"https:\/\/meerestochter-kappeln.de\/#organization"},"potentialAction":[{"@type":"SearchAction","target":{"@type":"EntryPoint","urlTemplate":"https:\/\/meerestochter-kappeln.de\/?s={search_term_string}"},"query-input":{"@type":"PropertyValueSpecification","valueRequired":true,"valueName":"search_term_string"}}],"inLanguage":"de"},{"@type":"Organization","@id":"https:\/\/meerestochter-kappeln.de\/#organization","name":"Meerestochter","url":"https:\/\/meerestochter-kappeln.de\/","logo":{"@type":"ImageObject","inLanguage":"de","@id":"https:\/\/meerestochter-kappeln.de\/#\/schema\/logo\/image\/","url":"https:\/\/meerestochter-kappeln.de\/wp-content\/uploads\/2017\/08\/meerestochter_logo.jpg","contentUrl":"https:\/\/meerestochter-kappeln.de\/wp-content\/uploads\/2017\/08\/meerestochter_logo.jpg","width":180,"height":75,"caption":"Meerestochter"},"image":{"@id":"https:\/\/meerestochter-kappeln.de\/#\/schema\/logo\/image\/"},"sameAs":["https:\/\/www.facebook.com\/Meerestochter-686892418145550\/"]}]}},"_links":{"self":[{"href":"https:\/\/meerestochter-kappeln.de\/index.php\/wp-json\/wp\/v2\/pages\/9","targetHints":{"allow":["GET"]}}],"collection":[{"href":"https:\/\/meerestochter-kappeln.de\/index.php\/wp-json\/wp\/v2\/pages"}],"about":[{"href":"https:\/\/meerestochter-kappeln.de\/index.php\/wp-json\/wp\/v2\/types\/page"}],"author":[{"embeddable":true,"href":"https:\/\/meerestochter-kappeln.de\/index.php\/wp-json\/wp\/v2\/users\/1"}],"replies":[{"embeddable":true,"href":"https:\/\/meerestochter-kappeln.de\/index.php\/wp-json\/wp\/v2\/comments?post=9"}],"version-history":[{"count":23,"href":"https:\/\/meerestochter-kappeln.de\/index.php\/wp-json\/wp\/v2\/pages\/9\/revisions"}],"predecessor-version":[{"id":4237,"href":"https:\/\/meerestochter-kappeln.de\/index.php\/wp-json\/wp\/v2\/pages\/9\/revisions\/4237"}],"wp:attachment":[{"href":"https:\/\/meerestochter-kappeln.de\/index.php\/wp-json\/wp\/v2\/media?parent=9"}],"curies":[{"name":"wp","href":"https:\/\/api.w.org\/{rel}","templated":true}]}}