{"id":3310,"date":"2021-06-04T13:42:09","date_gmt":"2021-06-04T11:42:09","guid":{"rendered":"https:\/\/meerestochter-kappeln.de\/?page_id=3310"},"modified":"2026-04-27T11:01:46","modified_gmt":"2026-04-27T09:01:46","slug":"das-restaurant-2","status":"publish","type":"page","link":"https:\/\/meerestochter-kappeln.de\/index.php\/das-restaurant-2\/","title":{"rendered":"Das Restaurant"},"content":{"rendered":"<div class=\"fusion-fullwidth fullwidth-box fusion-builder-row-1 nonhundred-percent-fullwidth non-hundred-percent-height-scrolling fusion-equal-height-columns\" style=\"background-color: #192033;background-position: left top;background-repeat: no-repeat;padding-top:0px;padding-right:0px;padding-bottom:85px;padding-left:0px;margin-bottom: 0px;margin-top: 0px;border-width: 0px 0px 0px 0px;border-color:#26314d;border-style:solid;\" ><div class=\"fusion-builder-row fusion-row\"><div class=\"fusion-layout-column fusion_builder_column fusion-builder-column-0 fusion_builder_column_1_2 1_2 fusion-one-half fusion-column-first\" style=\"width:48%; margin-right: 4%;margin-top:0px;margin-bottom:20px;\"><div class=\"fusion-column-wrapper fusion-flex-column-wrapper-legacy\" style=\"background-position:left top;background-repeat:no-repeat;-webkit-background-size:cover;-moz-background-size:cover;-o-background-size:cover;background-size:cover;background-color:#192033;border-width: 0 0 0 0;border-color:#ebeef1;border-style:solid;padding: 40px 40px 20px 40px;\"><div class=\"imageframe-align-center\"><div class=\"awb-image-frame awb-image-frame-1 imageframe-liftup\"><span class=\" fusion-imageframe imageframe-dropshadow imageframe-1\" style=\"border:13px solid #ffffff;-webkit-box-shadow: 3px 3px 7px rgba(25,32,51,0.3);box-shadow: 3px 3px 7px rgba(25,32,51,0.3);\"><a href=\"https:\/\/meerestochter-kappeln.de\/wp-content\/uploads\/2017\/08\/115A0209-1024x683.jpg\" class=\"fusion-lightbox\" data-rel=\"iLightbox[6842465b60f4e087a74]\" data-title=\"115A0209\" title=\"115A0209\"><img decoding=\"async\" width=\"1024\" height=\"683\" src=\"https:\/\/meerestochter-kappeln.de\/wp-content\/uploads\/2017\/08\/115A0209-1024x683.jpg\" alt class=\"img-responsive wp-image-2135\" srcset=\"https:\/\/meerestochter-kappeln.de\/wp-content\/uploads\/2017\/08\/115A0209-200x133.jpg 200w, https:\/\/meerestochter-kappeln.de\/wp-content\/uploads\/2017\/08\/115A0209-400x267.jpg 400w, https:\/\/meerestochter-kappeln.de\/wp-content\/uploads\/2017\/08\/115A0209-600x400.jpg 600w, https:\/\/meerestochter-kappeln.de\/wp-content\/uploads\/2017\/08\/115A0209-800x533.jpg 800w, https:\/\/meerestochter-kappeln.de\/wp-content\/uploads\/2017\/08\/115A0209-1200x800.jpg 1200w, https:\/\/meerestochter-kappeln.de\/wp-content\/uploads\/2017\/08\/115A0209.jpg 1620w\" sizes=\"(max-width: 1105px) 100vw, 600px\" \/><\/a><\/span><\/div><\/div><div class=\"fusion-sep-clear\"><\/div><div class=\"fusion-separator fusion-full-width-sep\" style=\"margin-left: auto;margin-right: auto;margin-top:10px;margin-bottom:10px;width:100%;\"><div class=\"fusion-separator-border sep-single sep-solid\" style=\"border-color:#3e3e3e;border-top-width:1px;\"><\/div><\/div><div class=\"fusion-sep-clear\"><\/div><div class=\"imageframe-align-center\"><div class=\"awb-image-frame awb-image-frame-2 imageframe-liftup\"><span class=\" fusion-imageframe imageframe-dropshadow imageframe-2\" style=\"border:13px solid #ffffff;-webkit-box-shadow: 3px 3px 7px rgba(25,32,51,0.3);box-shadow: 3px 3px 7px rgba(25,32,51,0.3);\"><a href=\"https:\/\/meerestochter-kappeln.de\/wp-content\/uploads\/2017\/08\/115A0222-1024x683.jpg\" class=\"fusion-lightbox\" data-rel=\"iLightbox[93ee3aeefeefb6a9879]\" data-title=\"115A0222\" title=\"115A0222\"><img decoding=\"async\" width=\"1024\" height=\"683\" src=\"https:\/\/meerestochter-kappeln.de\/wp-content\/uploads\/2017\/08\/115A0222-1024x683.jpg\" alt class=\"img-responsive wp-image-2136\" srcset=\"https:\/\/meerestochter-kappeln.de\/wp-content\/uploads\/2017\/08\/115A0222-200x133.jpg 200w, https:\/\/meerestochter-kappeln.de\/wp-content\/uploads\/2017\/08\/115A0222-400x267.jpg 400w, https:\/\/meerestochter-kappeln.de\/wp-content\/uploads\/2017\/08\/115A0222-600x400.jpg 600w, https:\/\/meerestochter-kappeln.de\/wp-content\/uploads\/2017\/08\/115A0222-800x533.jpg 800w, https:\/\/meerestochter-kappeln.de\/wp-content\/uploads\/2017\/08\/115A0222-1200x800.jpg 1200w, https:\/\/meerestochter-kappeln.de\/wp-content\/uploads\/2017\/08\/115A0222.jpg 1620w\" sizes=\"(max-width: 1105px) 100vw, 600px\" \/><\/a><\/span><\/div><\/div><div class=\"fusion-clearfix\"><\/div><\/div><\/div><div class=\"fusion-layout-column fusion_builder_column fusion-builder-column-1 fusion_builder_column_1_2 1_2 fusion-one-half fusion-column-last\" style=\"width:48%;margin-top:0px;margin-bottom:20px;\"><div class=\"fusion-column-wrapper fusion-flex-column-wrapper-legacy\" style=\"background-position:left top;background-repeat:no-repeat;-webkit-background-size:cover;-moz-background-size:cover;-o-background-size:cover;background-size:cover;padding: 0px 0px 0px 0px;\"><div class=\"fusion-column-content-centered\"><div class=\"fusion-column-content\"><div class=\"fusion-sep-clear\"><\/div><div class=\"fusion-separator fusion-full-width-sep\" style=\"margin-left: auto;margin-right: auto;margin-top:12px;width:100%;\"><\/div><div class=\"fusion-sep-clear\"><\/div><div class=\"fusion-text fusion-text-1\"><p style=\"letter-spacing: 4px; font-size: 13px; text-align: center; margin-bottom: 0px;\">MEERESTOCHTER<\/p>\n<h1 style=\"text-align: center;\">Regionale K\u00fcche<\/h1>\n<\/div><div class=\"fusion-text fusion-text-2\"><p style=\"padding: 0px 50px; text-align: justify;\">Unsere Meerestochter erwartet Sie mit hochwertigem Genuss und ausgesuchten Weinen. Ob im Men\u00fc, oder von der Tageskarte &#8211; wir setzen auf eine authentische und ehrliche K\u00fcche und begeistern unsere G\u00e4ste mit besten regionalen Zutaten. Die saisonal inspirierten Kreationen \u00fcberzeugen mit Frische und hoher Qualit\u00e4t. Genie\u00dfen Sie klassische norddeutsche Speisen, fangfrischen Fisch und abwechslungsreiche K\u00f6stlichkeiten mit diesem besonderen Blick auf die Schlei und die Hafenpromenade. Gerne reservieren wir Ihnen einen Logenplatz in unserem Restaurant, oder auf unserer Terrasse.\u00a0 Bitte haben Sie Verst\u00e4ndnis daf\u00fcr, dass wir nur nach telefonischer Absprache Reservierungen annehmen k\u00f6nnen. Reservierungen per Mail, Whats App, oder Facebook k\u00f6nnen nicht ber\u00fccksichtigt werden.<\/p>\n<\/div><div class=\"fusion-sep-clear\"><\/div><div class=\"fusion-separator fusion-full-width-sep\" style=\"margin-left: auto;margin-right: auto;margin-top:40px;width:100%;\"><\/div><div class=\"fusion-sep-clear\"><\/div><div class=\"fusion-align-block\"><style>.fusion-body .fusion-button.button-1{border-radius:2px 2px 2px 2px;}<\/style><a class=\"fusion-button button-flat button-xlarge button-default button-1 fusion-button-span-yes \" target=\"_blank\" rel=\"noopener noreferrer\" href=\"https:\/\/meerestochter-kappeln.de\/wp-content\/uploads\/2026\/04\/Speisekarte-02.26.pdf\"><i class=\"fa-utensils fas button-icon-left\" aria-hidden=\"true\"><\/i><span class=\"fusion-button-text\">SPEISEKARTE ALS PDF<\/span><\/a><\/div><div class=\"fusion-sep-clear\"><\/div><div class=\"fusion-separator fusion-full-width-sep\" style=\"margin-left: auto;margin-right: auto;margin-top:40px;width:100%;\"><\/div><div class=\"fusion-sep-clear\"><\/div><div class=\"fusion-align-block\"><style>.fusion-body .fusion-button.button-2{border-radius:2px 2px 2px 2px;}<\/style><a class=\"fusion-button button-flat button-xlarge button-default button-2 fusion-button-span-yes \" target=\"_blank\" rel=\"noopener noreferrer\" href=\"https:\/\/meerestochter-kappeln.de\/wp-content\/uploads\/2026\/04\/Spargelsaison2026-S.K.pdf\"><i class=\"fa-utensils fas button-icon-left\" aria-hidden=\"true\"><\/i><span class=\"fusion-button-text\">Spargelkarte ALS PDF<\/span><\/a><\/div><div class=\"fusion-sep-clear\"><\/div><div class=\"fusion-separator fusion-full-width-sep\" style=\"margin-left: auto;margin-right: auto;margin-top:40px;width:100%;\"><\/div><div class=\"fusion-sep-clear\"><\/div><\/div><\/div><div class=\"fusion-clearfix\"><\/div><\/div><\/div><\/div><\/div>\n","protected":false},"excerpt":{"rendered":"","protected":false},"author":2,"featured_media":0,"parent":0,"menu_order":0,"comment_status":"open","ping_status":"closed","template":"100-width.php","meta":{"inline_featured_image":false,"footnotes":""},"class_list":["post-3310","page","type-page","status-publish","hentry"],"yoast_head":"<!-- This site is optimized with the Yoast SEO plugin v27.5 - https:\/\/yoast.com\/product\/yoast-seo-wordpress\/ -->\n<title>Das Restaurant - Meerestochter - Apartments, Caf\u00e9 &amp; Restaurant in Kappeln<\/title>\n<meta name=\"robots\" content=\"index, follow, max-snippet:-1, max-image-preview:large, max-video-preview:-1\" \/>\n<link rel=\"canonical\" href=\"https:\/\/meerestochter-kappeln.de\/index.php\/das-restaurant-2\/\" \/>\n<meta property=\"og:locale\" content=\"de_DE\" \/>\n<meta property=\"og:type\" content=\"article\" \/>\n<meta property=\"og:title\" content=\"Das Restaurant - Meerestochter - Apartments, Caf\u00e9 &amp; Restaurant in Kappeln\" \/>\n<meta property=\"og:url\" content=\"https:\/\/meerestochter-kappeln.de\/index.php\/das-restaurant-2\/\" \/>\n<meta property=\"og:site_name\" content=\"Meerestochter - Apartments, Caf\u00e9 &amp; Restaurant in Kappeln\" \/>\n<meta property=\"article:publisher\" content=\"https:\/\/www.facebook.com\/Meerestochter-686892418145550\/\" \/>\n<meta property=\"article:modified_time\" content=\"2026-04-27T09:01:46+00:00\" \/>\n<meta name=\"twitter:card\" content=\"summary_large_image\" \/>\n<meta name=\"twitter:label1\" content=\"Gesch\u00e4tzte Lesezeit\" \/>\n\t<meta name=\"twitter:data1\" content=\"3\u00a0Minuten\" \/>\n<script type=\"application\/ld+json\" class=\"yoast-schema-graph\">{\"@context\":\"https:\\\/\\\/schema.org\",\"@graph\":[{\"@type\":\"WebPage\",\"@id\":\"https:\\\/\\\/meerestochter-kappeln.de\\\/index.php\\\/das-restaurant-2\\\/\",\"url\":\"https:\\\/\\\/meerestochter-kappeln.de\\\/index.php\\\/das-restaurant-2\\\/\",\"name\":\"Das Restaurant - Meerestochter - Apartments, Caf\u00e9 &amp; Restaurant in Kappeln\",\"isPartOf\":{\"@id\":\"https:\\\/\\\/meerestochter-kappeln.de\\\/#website\"},\"datePublished\":\"2021-06-04T11:42:09+00:00\",\"dateModified\":\"2026-04-27T09:01:46+00:00\",\"breadcrumb\":{\"@id\":\"https:\\\/\\\/meerestochter-kappeln.de\\\/index.php\\\/das-restaurant-2\\\/#breadcrumb\"},\"inLanguage\":\"de\",\"potentialAction\":[{\"@type\":\"ReadAction\",\"target\":[\"https:\\\/\\\/meerestochter-kappeln.de\\\/index.php\\\/das-restaurant-2\\\/\"]}]},{\"@type\":\"BreadcrumbList\",\"@id\":\"https:\\\/\\\/meerestochter-kappeln.de\\\/index.php\\\/das-restaurant-2\\\/#breadcrumb\",\"itemListElement\":[{\"@type\":\"ListItem\",\"position\":1,\"name\":\"Startseite\",\"item\":\"https:\\\/\\\/meerestochter-kappeln.de\\\/\"},{\"@type\":\"ListItem\",\"position\":2,\"name\":\"Das Restaurant\"}]},{\"@type\":\"WebSite\",\"@id\":\"https:\\\/\\\/meerestochter-kappeln.de\\\/#website\",\"url\":\"https:\\\/\\\/meerestochter-kappeln.de\\\/\",\"name\":\"Meerestochter - Apartments, Caf\u00e9 &amp; Restaurant in Kappeln\",\"description\":\"Apartments, Caf\u00e9 &amp; Restaurant\",\"publisher\":{\"@id\":\"https:\\\/\\\/meerestochter-kappeln.de\\\/#organization\"},\"potentialAction\":[{\"@type\":\"SearchAction\",\"target\":{\"@type\":\"EntryPoint\",\"urlTemplate\":\"https:\\\/\\\/meerestochter-kappeln.de\\\/?s={search_term_string}\"},\"query-input\":{\"@type\":\"PropertyValueSpecification\",\"valueRequired\":true,\"valueName\":\"search_term_string\"}}],\"inLanguage\":\"de\"},{\"@type\":\"Organization\",\"@id\":\"https:\\\/\\\/meerestochter-kappeln.de\\\/#organization\",\"name\":\"Meerestochter\",\"url\":\"https:\\\/\\\/meerestochter-kappeln.de\\\/\",\"logo\":{\"@type\":\"ImageObject\",\"inLanguage\":\"de\",\"@id\":\"https:\\\/\\\/meerestochter-kappeln.de\\\/#\\\/schema\\\/logo\\\/image\\\/\",\"url\":\"https:\\\/\\\/meerestochter-kappeln.de\\\/wp-content\\\/uploads\\\/2017\\\/08\\\/meerestochter_logo.jpg\",\"contentUrl\":\"https:\\\/\\\/meerestochter-kappeln.de\\\/wp-content\\\/uploads\\\/2017\\\/08\\\/meerestochter_logo.jpg\",\"width\":180,\"height\":75,\"caption\":\"Meerestochter\"},\"image\":{\"@id\":\"https:\\\/\\\/meerestochter-kappeln.de\\\/#\\\/schema\\\/logo\\\/image\\\/\"},\"sameAs\":[\"https:\\\/\\\/www.facebook.com\\\/Meerestochter-686892418145550\\\/\"]}]}<\/script>\n<!-- \/ Yoast SEO plugin. -->","yoast_head_json":{"title":"Das Restaurant - Meerestochter - Apartments, Caf\u00e9 &amp; Restaurant in Kappeln","robots":{"index":"index","follow":"follow","max-snippet":"max-snippet:-1","max-image-preview":"max-image-preview:large","max-video-preview":"max-video-preview:-1"},"canonical":"https:\/\/meerestochter-kappeln.de\/index.php\/das-restaurant-2\/","og_locale":"de_DE","og_type":"article","og_title":"Das Restaurant - Meerestochter - Apartments, Caf\u00e9 &amp; Restaurant in Kappeln","og_url":"https:\/\/meerestochter-kappeln.de\/index.php\/das-restaurant-2\/","og_site_name":"Meerestochter - Apartments, Caf\u00e9 &amp; Restaurant in Kappeln","article_publisher":"https:\/\/www.facebook.com\/Meerestochter-686892418145550\/","article_modified_time":"2026-04-27T09:01:46+00:00","twitter_card":"summary_large_image","twitter_misc":{"Gesch\u00e4tzte Lesezeit":"3\u00a0Minuten"},"schema":{"@context":"https:\/\/schema.org","@graph":[{"@type":"WebPage","@id":"https:\/\/meerestochter-kappeln.de\/index.php\/das-restaurant-2\/","url":"https:\/\/meerestochter-kappeln.de\/index.php\/das-restaurant-2\/","name":"Das Restaurant - Meerestochter - Apartments, Caf\u00e9 &amp; Restaurant in Kappeln","isPartOf":{"@id":"https:\/\/meerestochter-kappeln.de\/#website"},"datePublished":"2021-06-04T11:42:09+00:00","dateModified":"2026-04-27T09:01:46+00:00","breadcrumb":{"@id":"https:\/\/meerestochter-kappeln.de\/index.php\/das-restaurant-2\/#breadcrumb"},"inLanguage":"de","potentialAction":[{"@type":"ReadAction","target":["https:\/\/meerestochter-kappeln.de\/index.php\/das-restaurant-2\/"]}]},{"@type":"BreadcrumbList","@id":"https:\/\/meerestochter-kappeln.de\/index.php\/das-restaurant-2\/#breadcrumb","itemListElement":[{"@type":"ListItem","position":1,"name":"Startseite","item":"https:\/\/meerestochter-kappeln.de\/"},{"@type":"ListItem","position":2,"name":"Das Restaurant"}]},{"@type":"WebSite","@id":"https:\/\/meerestochter-kappeln.de\/#website","url":"https:\/\/meerestochter-kappeln.de\/","name":"Meerestochter - Apartments, Caf\u00e9 &amp; Restaurant in Kappeln","description":"Apartments, Caf\u00e9 &amp; Restaurant","publisher":{"@id":"https:\/\/meerestochter-kappeln.de\/#organization"},"potentialAction":[{"@type":"SearchAction","target":{"@type":"EntryPoint","urlTemplate":"https:\/\/meerestochter-kappeln.de\/?s={search_term_string}"},"query-input":{"@type":"PropertyValueSpecification","valueRequired":true,"valueName":"search_term_string"}}],"inLanguage":"de"},{"@type":"Organization","@id":"https:\/\/meerestochter-kappeln.de\/#organization","name":"Meerestochter","url":"https:\/\/meerestochter-kappeln.de\/","logo":{"@type":"ImageObject","inLanguage":"de","@id":"https:\/\/meerestochter-kappeln.de\/#\/schema\/logo\/image\/","url":"https:\/\/meerestochter-kappeln.de\/wp-content\/uploads\/2017\/08\/meerestochter_logo.jpg","contentUrl":"https:\/\/meerestochter-kappeln.de\/wp-content\/uploads\/2017\/08\/meerestochter_logo.jpg","width":180,"height":75,"caption":"Meerestochter"},"image":{"@id":"https:\/\/meerestochter-kappeln.de\/#\/schema\/logo\/image\/"},"sameAs":["https:\/\/www.facebook.com\/Meerestochter-686892418145550\/"]}]}},"_links":{"self":[{"href":"https:\/\/meerestochter-kappeln.de\/index.php\/wp-json\/wp\/v2\/pages\/3310","targetHints":{"allow":["GET"]}}],"collection":[{"href":"https:\/\/meerestochter-kappeln.de\/index.php\/wp-json\/wp\/v2\/pages"}],"about":[{"href":"https:\/\/meerestochter-kappeln.de\/index.php\/wp-json\/wp\/v2\/types\/page"}],"author":[{"embeddable":true,"href":"https:\/\/meerestochter-kappeln.de\/index.php\/wp-json\/wp\/v2\/users\/2"}],"replies":[{"embeddable":true,"href":"https:\/\/meerestochter-kappeln.de\/index.php\/wp-json\/wp\/v2\/comments?post=3310"}],"version-history":[{"count":82,"href":"https:\/\/meerestochter-kappeln.de\/index.php\/wp-json\/wp\/v2\/pages\/3310\/revisions"}],"predecessor-version":[{"id":5316,"href":"https:\/\/meerestochter-kappeln.de\/index.php\/wp-json\/wp\/v2\/pages\/3310\/revisions\/5316"}],"wp:attachment":[{"href":"https:\/\/meerestochter-kappeln.de\/index.php\/wp-json\/wp\/v2\/media?parent=3310"}],"curies":[{"name":"wp","href":"https:\/\/api.w.org\/{rel}","templated":true}]}}