{"id":13,"date":"2015-02-03T20:15:21","date_gmt":"2015-02-03T19:15:21","guid":{"rendered":"http:\/\/avada.theme-fusion.com_demos\/hotel\/?page_id=13"},"modified":"2026-03-25T13:12:13","modified_gmt":"2026-03-25T12:12:13","slug":"jobs","status":"publish","type":"page","link":"https:\/\/meerestochter-kappeln.de\/index.php\/jobs\/","title":{"rendered":"Jobs"},"content":{"rendered":"<div class=\"fusion-fullwidth fullwidth-box fusion-builder-row-1 nonhundred-percent-fullwidth non-hundred-percent-height-scrolling\" style=\"background-color: #192033;background-position: center center;background-repeat: no-repeat;padding-top:20px;padding-right:0px;padding-bottom:20px;padding-left:0px;margin-bottom: 0px;margin-top: 0px;border-width: 0px 0px 0px 0px;border-color:#26314d;border-style:solid;\" ><div class=\"fusion-builder-row fusion-row\"><div class=\"fusion-layout-column fusion_builder_column fusion-builder-column-0 fusion_builder_column_1_2 1_2 fusion-one-half fusion-column-first\" style=\"width:50%;width:calc(50% - ( ( 4% ) * 0.5 ) );margin-right: 4%;margin-top:0px;margin-bottom:20px;\"><div class=\"fusion-column-wrapper fusion-flex-column-wrapper-legacy\" style=\"background-position:left top;background-repeat:no-repeat;-webkit-background-size:cover;-moz-background-size:cover;-o-background-size:cover;background-size:cover;padding: 0px 0px 0px 0px;\"><span class=\" fusion-imageframe imageframe-none imageframe-1 hover-type-none\" style=\"border:10px solid #ffffff;\"><img decoding=\"async\" width=\"1024\" height=\"683\" title=\"margo-brodowicz-203781 (Large)\" src=\"https:\/\/meerestochter-kappeln.de\/wp-content\/uploads\/2015\/02\/margo-brodowicz-203781-Large-1024x683.jpg\" alt class=\"img-responsive wp-image-1805\" srcset=\"https:\/\/meerestochter-kappeln.de\/wp-content\/uploads\/2015\/02\/margo-brodowicz-203781-Large-200x133.jpg 200w, https:\/\/meerestochter-kappeln.de\/wp-content\/uploads\/2015\/02\/margo-brodowicz-203781-Large-400x267.jpg 400w, https:\/\/meerestochter-kappeln.de\/wp-content\/uploads\/2015\/02\/margo-brodowicz-203781-Large-600x400.jpg 600w, https:\/\/meerestochter-kappeln.de\/wp-content\/uploads\/2015\/02\/margo-brodowicz-203781-Large-800x533.jpg 800w, https:\/\/meerestochter-kappeln.de\/wp-content\/uploads\/2015\/02\/margo-brodowicz-203781-Large-1200x800.jpg 1200w, https:\/\/meerestochter-kappeln.de\/wp-content\/uploads\/2015\/02\/margo-brodowicz-203781-Large.jpg 1620w\" sizes=\"(max-width: 1105px) 100vw, 600px\" \/><\/span><div class=\"fusion-clearfix\"><\/div><\/div><\/div><div class=\"fusion-layout-column fusion_builder_column fusion-builder-column-1 fusion_builder_column_1_2 1_2 fusion-one-half fusion-column-last\" style=\"width:50%;width:calc(50% - ( ( 4% ) * 0.5 ) );margin-top:0px;margin-bottom:20px;\"><div class=\"fusion-column-wrapper fusion-flex-column-wrapper-legacy\" style=\"background-position:left top;background-repeat:no-repeat;-webkit-background-size:cover;-moz-background-size:cover;-o-background-size:cover;background-size:cover;padding: 0px 0px 0px 0px;\"><style type='text\/css'>.reading-box-container-1 .element-bottomshadow:before,.reading-box-container-1 .element-bottomshadow:after{opacity:0.7;}<\/style><div class=\"fusion-reading-box-container reading-box-container-1\" style=\"margin-top:0px;margin-bottom:84px;\"><div class=\"reading-box reading-box-center\" style=\"background-color:#ffffff;border-width:1px;border-color:#ffffff;border-top-width:3px;border-top-color:var(--primary_color);border-style:solid;\"><h2><strong>Derzeit freie Stellenangebote<\/strong><\/h2><div class=\"reading-box-description fusion-reading-box-additional\"><strong>F\u00fcr unser Restaurant \u201eMeerestochter\u201c suchen wir einen<\/strong>\n\n<\/div><div class=\"reading-box-additional\">\n<p align=\"CENTER\"><strong>Koch\/K\u00f6chin in Voll-, oder Teilzeit<\/strong><br \/>\n<strong>Restaurantfachfrau\/-mann, oder eine Servicekraft (w\/m\/d) mit Berufserfahrung\u00a0<\/strong><\/p>\n<p align=\"CENTER\">Wenn Sie in einem kollegialen, hoch motiviertem Team mitarbeiten m\u00f6chten, freuen wir uns auf Ihre Kontaktaufnahme!<br \/>\nSie arbeiten dort, wo andere Urlaub machen: am Kappelner Hafen mit Blick auf die Schlei!<br \/>\nWir bieten Ihnen ein \u00fcbertarifliches Gehalt. Durch zwei Ruhetage haben Sie eine verl\u00e4ssliche 5-Tage-Woche und werden ein\/e gesch\u00e4tzte\/r Mitarbeiter\/in in einem famil\u00e4r gef\u00fchrten Haus.<br \/>\nUnsere K\u00f6che verarbeiten hochwertige Produkte. Sie kochen saisonal und passen dementsprechend immer wieder die Speisekarte an. Wenn Sie Ihren Beruf mit Leidenschaft aus\u00fcben, kreativ sind und auch eigene Ideen mitbringen, freuen wir uns auf Ihre Bewerbung!<\/p>\n<p align=\"CENTER\">Von unserem gesamten Team erwarten wir ein gepflegtes Auftreten und einen freundlichen Umgang mit den G\u00e4sten und den Kollegen.<\/p>\n<p align=\"CENTER\">Als Servicekraft sollten Sie Lust haben, Reservierungen zu planen, G\u00e4ste zu begr\u00fc\u00dfen, zu bedienen und ihnen einen sch\u00f6nen Aufenthalt in unserem Restaurant bieten<\/p>\n<p align=\"CENTER\">Zuverl\u00e4ssigkeit und P\u00fcnktlichkeit sollten f\u00fcr Sie selbstverst\u00e4ndlich sein.<\/p>\n<p align=\"CENTER\">N\u00e4here Informationen gerne in einem pers\u00f6nlichen Gespr\u00e4ch. Wir freuen uns auf einen Anruf, oder einer Mail von Ihnen!<\/p>\n<p align=\"CENTER\"><a href=\"mailto:jobs@meerestochter-kappeln.de\">info@meerestochter-kappeln.de<\/a><\/p>\n<\/div><div class=\"fusion-clearfix\"><\/div><\/div><\/div><div class=\"fusion-clearfix\"><\/div><\/div><\/div><\/div><\/div>\n","protected":false},"excerpt":{"rendered":"","protected":false},"author":1,"featured_media":0,"parent":0,"menu_order":0,"comment_status":"open","ping_status":"closed","template":"100-width.php","meta":{"inline_featured_image":false,"footnotes":""},"class_list":["post-13","page","type-page","status-publish","hentry"],"yoast_head":"<!-- This site is optimized with the Yoast SEO plugin v27.4 - https:\/\/yoast.com\/product\/yoast-seo-wordpress\/ -->\n<title>Jobs - Meerestochter - Apartments, Caf\u00e9 &amp; Restaurant in Kappeln<\/title>\n<meta name=\"robots\" content=\"index, follow, max-snippet:-1, max-image-preview:large, max-video-preview:-1\" \/>\n<link rel=\"canonical\" href=\"https:\/\/meerestochter-kappeln.de\/index.php\/jobs\/\" \/>\n<meta property=\"og:locale\" content=\"de_DE\" \/>\n<meta property=\"og:type\" content=\"article\" \/>\n<meta property=\"og:title\" content=\"Jobs - Meerestochter - Apartments, Caf\u00e9 &amp; Restaurant in Kappeln\" \/>\n<meta property=\"og:url\" content=\"https:\/\/meerestochter-kappeln.de\/index.php\/jobs\/\" \/>\n<meta property=\"og:site_name\" content=\"Meerestochter - Apartments, Caf\u00e9 &amp; Restaurant in Kappeln\" \/>\n<meta property=\"article:publisher\" content=\"https:\/\/www.facebook.com\/Meerestochter-686892418145550\/\" \/>\n<meta property=\"article:modified_time\" content=\"2026-03-25T12:12:13+00:00\" \/>\n<meta name=\"twitter:card\" content=\"summary_large_image\" \/>\n<meta name=\"twitter:label1\" content=\"Gesch\u00e4tzte Lesezeit\" \/>\n\t<meta name=\"twitter:data1\" content=\"2\u00a0Minuten\" \/>\n<script type=\"application\/ld+json\" class=\"yoast-schema-graph\">{\"@context\":\"https:\\\/\\\/schema.org\",\"@graph\":[{\"@type\":\"WebPage\",\"@id\":\"https:\\\/\\\/meerestochter-kappeln.de\\\/index.php\\\/jobs\\\/\",\"url\":\"https:\\\/\\\/meerestochter-kappeln.de\\\/index.php\\\/jobs\\\/\",\"name\":\"Jobs - Meerestochter - Apartments, Caf\u00e9 &amp; Restaurant in Kappeln\",\"isPartOf\":{\"@id\":\"https:\\\/\\\/meerestochter-kappeln.de\\\/#website\"},\"datePublished\":\"2015-02-03T19:15:21+00:00\",\"dateModified\":\"2026-03-25T12:12:13+00:00\",\"breadcrumb\":{\"@id\":\"https:\\\/\\\/meerestochter-kappeln.de\\\/index.php\\\/jobs\\\/#breadcrumb\"},\"inLanguage\":\"de\",\"potentialAction\":[{\"@type\":\"ReadAction\",\"target\":[\"https:\\\/\\\/meerestochter-kappeln.de\\\/index.php\\\/jobs\\\/\"]}]},{\"@type\":\"BreadcrumbList\",\"@id\":\"https:\\\/\\\/meerestochter-kappeln.de\\\/index.php\\\/jobs\\\/#breadcrumb\",\"itemListElement\":[{\"@type\":\"ListItem\",\"position\":1,\"name\":\"Startseite\",\"item\":\"https:\\\/\\\/meerestochter-kappeln.de\\\/\"},{\"@type\":\"ListItem\",\"position\":2,\"name\":\"Jobs\"}]},{\"@type\":\"WebSite\",\"@id\":\"https:\\\/\\\/meerestochter-kappeln.de\\\/#website\",\"url\":\"https:\\\/\\\/meerestochter-kappeln.de\\\/\",\"name\":\"Meerestochter - Apartments, Caf\u00e9 &amp; Restaurant in Kappeln\",\"description\":\"Apartments, Caf\u00e9 &amp; Restaurant\",\"publisher\":{\"@id\":\"https:\\\/\\\/meerestochter-kappeln.de\\\/#organization\"},\"potentialAction\":[{\"@type\":\"SearchAction\",\"target\":{\"@type\":\"EntryPoint\",\"urlTemplate\":\"https:\\\/\\\/meerestochter-kappeln.de\\\/?s={search_term_string}\"},\"query-input\":{\"@type\":\"PropertyValueSpecification\",\"valueRequired\":true,\"valueName\":\"search_term_string\"}}],\"inLanguage\":\"de\"},{\"@type\":\"Organization\",\"@id\":\"https:\\\/\\\/meerestochter-kappeln.de\\\/#organization\",\"name\":\"Meerestochter\",\"url\":\"https:\\\/\\\/meerestochter-kappeln.de\\\/\",\"logo\":{\"@type\":\"ImageObject\",\"inLanguage\":\"de\",\"@id\":\"https:\\\/\\\/meerestochter-kappeln.de\\\/#\\\/schema\\\/logo\\\/image\\\/\",\"url\":\"https:\\\/\\\/meerestochter-kappeln.de\\\/wp-content\\\/uploads\\\/2017\\\/08\\\/meerestochter_logo.jpg\",\"contentUrl\":\"https:\\\/\\\/meerestochter-kappeln.de\\\/wp-content\\\/uploads\\\/2017\\\/08\\\/meerestochter_logo.jpg\",\"width\":180,\"height\":75,\"caption\":\"Meerestochter\"},\"image\":{\"@id\":\"https:\\\/\\\/meerestochter-kappeln.de\\\/#\\\/schema\\\/logo\\\/image\\\/\"},\"sameAs\":[\"https:\\\/\\\/www.facebook.com\\\/Meerestochter-686892418145550\\\/\"]}]}<\/script>\n<!-- \/ Yoast SEO plugin. -->","yoast_head_json":{"title":"Jobs - Meerestochter - Apartments, Caf\u00e9 &amp; Restaurant in Kappeln","robots":{"index":"index","follow":"follow","max-snippet":"max-snippet:-1","max-image-preview":"max-image-preview:large","max-video-preview":"max-video-preview:-1"},"canonical":"https:\/\/meerestochter-kappeln.de\/index.php\/jobs\/","og_locale":"de_DE","og_type":"article","og_title":"Jobs - Meerestochter - Apartments, Caf\u00e9 &amp; Restaurant in Kappeln","og_url":"https:\/\/meerestochter-kappeln.de\/index.php\/jobs\/","og_site_name":"Meerestochter - Apartments, Caf\u00e9 &amp; Restaurant in Kappeln","article_publisher":"https:\/\/www.facebook.com\/Meerestochter-686892418145550\/","article_modified_time":"2026-03-25T12:12:13+00:00","twitter_card":"summary_large_image","twitter_misc":{"Gesch\u00e4tzte Lesezeit":"2\u00a0Minuten"},"schema":{"@context":"https:\/\/schema.org","@graph":[{"@type":"WebPage","@id":"https:\/\/meerestochter-kappeln.de\/index.php\/jobs\/","url":"https:\/\/meerestochter-kappeln.de\/index.php\/jobs\/","name":"Jobs - Meerestochter - Apartments, Caf\u00e9 &amp; Restaurant in Kappeln","isPartOf":{"@id":"https:\/\/meerestochter-kappeln.de\/#website"},"datePublished":"2015-02-03T19:15:21+00:00","dateModified":"2026-03-25T12:12:13+00:00","breadcrumb":{"@id":"https:\/\/meerestochter-kappeln.de\/index.php\/jobs\/#breadcrumb"},"inLanguage":"de","potentialAction":[{"@type":"ReadAction","target":["https:\/\/meerestochter-kappeln.de\/index.php\/jobs\/"]}]},{"@type":"BreadcrumbList","@id":"https:\/\/meerestochter-kappeln.de\/index.php\/jobs\/#breadcrumb","itemListElement":[{"@type":"ListItem","position":1,"name":"Startseite","item":"https:\/\/meerestochter-kappeln.de\/"},{"@type":"ListItem","position":2,"name":"Jobs"}]},{"@type":"WebSite","@id":"https:\/\/meerestochter-kappeln.de\/#website","url":"https:\/\/meerestochter-kappeln.de\/","name":"Meerestochter - Apartments, Caf\u00e9 &amp; Restaurant in Kappeln","description":"Apartments, Caf\u00e9 &amp; Restaurant","publisher":{"@id":"https:\/\/meerestochter-kappeln.de\/#organization"},"potentialAction":[{"@type":"SearchAction","target":{"@type":"EntryPoint","urlTemplate":"https:\/\/meerestochter-kappeln.de\/?s={search_term_string}"},"query-input":{"@type":"PropertyValueSpecification","valueRequired":true,"valueName":"search_term_string"}}],"inLanguage":"de"},{"@type":"Organization","@id":"https:\/\/meerestochter-kappeln.de\/#organization","name":"Meerestochter","url":"https:\/\/meerestochter-kappeln.de\/","logo":{"@type":"ImageObject","inLanguage":"de","@id":"https:\/\/meerestochter-kappeln.de\/#\/schema\/logo\/image\/","url":"https:\/\/meerestochter-kappeln.de\/wp-content\/uploads\/2017\/08\/meerestochter_logo.jpg","contentUrl":"https:\/\/meerestochter-kappeln.de\/wp-content\/uploads\/2017\/08\/meerestochter_logo.jpg","width":180,"height":75,"caption":"Meerestochter"},"image":{"@id":"https:\/\/meerestochter-kappeln.de\/#\/schema\/logo\/image\/"},"sameAs":["https:\/\/www.facebook.com\/Meerestochter-686892418145550\/"]}]}},"_links":{"self":[{"href":"https:\/\/meerestochter-kappeln.de\/index.php\/wp-json\/wp\/v2\/pages\/13","targetHints":{"allow":["GET"]}}],"collection":[{"href":"https:\/\/meerestochter-kappeln.de\/index.php\/wp-json\/wp\/v2\/pages"}],"about":[{"href":"https:\/\/meerestochter-kappeln.de\/index.php\/wp-json\/wp\/v2\/types\/page"}],"author":[{"embeddable":true,"href":"https:\/\/meerestochter-kappeln.de\/index.php\/wp-json\/wp\/v2\/users\/1"}],"replies":[{"embeddable":true,"href":"https:\/\/meerestochter-kappeln.de\/index.php\/wp-json\/wp\/v2\/comments?post=13"}],"version-history":[{"count":38,"href":"https:\/\/meerestochter-kappeln.de\/index.php\/wp-json\/wp\/v2\/pages\/13\/revisions"}],"predecessor-version":[{"id":5276,"href":"https:\/\/meerestochter-kappeln.de\/index.php\/wp-json\/wp\/v2\/pages\/13\/revisions\/5276"}],"wp:attachment":[{"href":"https:\/\/meerestochter-kappeln.de\/index.php\/wp-json\/wp\/v2\/media?parent=13"}],"curies":[{"name":"wp","href":"https:\/\/api.w.org\/{rel}","templated":true}]}}